{"id":457,"date":"2018-03-13T18:48:45","date_gmt":"2018-03-13T18:48:45","guid":{"rendered":"http:\/\/theme.visualmodo.com\/cryptocurrency\/?page_id=457"},"modified":"2022-08-19T15:52:58","modified_gmt":"2022-08-19T15:52:58","slug":"home","status":"publish","type":"page","link":"https:\/\/acreciap.org\/","title":{"rendered":"Home"},"content":{"rendered":"<section class=\"wpb-content-wrapper\"><p>[vc_row][vc_column][vc_empty_space height=&#8221;64 px&#8221;][vc_column_text]<\/p>\n<h2 class=\"x-el x-el-h4 c1-1 c1-2 c1-5b c1-50 c1-ap c1-4u c1-4s c1-4r c1-4t c1-53 c1-9u c1-aq c1-9m c1-9v c1-9w c1-9x c1-9y\" style=\"text-align: center;\" role=\"heading\" aria-level=\"4\" data-ux=\"FeaturedHeading\" data-aid=\"CONTENT_WELCOME_TITLE_RENDERED\" data-typography=\"HeadingBeta\" data-font-scaled=\"true\">BIENVENIDO A ACREC I.A.P.<\/h2>\n<p>[\/vc_column_text][vc_empty_space][vc_column_text]<\/p>\n<p>Nuestra metodolog\u00eda se sustenta en la experiencia y el buen resultado de m\u00e1s de 37 a\u00f1os de trabajo en el \u00e1rea de rehabilitaci\u00f3n y m\u00e1s de 22 en el \u00e1rea oftalmol\u00f3gica; plantea acciones de prevenci\u00f3n y atenci\u00f3n de errores de refracci\u00f3n, enfermedades visuales cr\u00f3nicas y pasajeras que impactan en la calidad de vida en relaci\u00f3n al funcionamiento visual de personas. Tambi\u00e9n planteamos acciones orientadas a la rehabilitaci\u00f3n de las personas con discapacidad visual, a fin de propiciar su inclusi\u00f3n familiar, social, educativa y laboral. Para ello, implementamos tres programas: Prevenci\u00f3n de enfermedades visuales; Salud visual y Rehabilitaci\u00f3n a personas con discapacidad visual<\/p>\n<p>[\/vc_column_text][vc_empty_space][vc_btn title=&#8221;SALUD VISUAL, ALIMENTO DE LUZ&#8221; color=&#8221;primary&#8221; size=&#8221;lg&#8221; align=&#8221;center&#8221; link=&#8221;url:https%3A%2F%2Fwww.youtube.com%2Fwatch%3Fv%3DcfT0__649Oc|target:_blank&#8221;][vc_empty_space height=&#8221;64px&#8221;][\/vc_column][\/vc_row][vc_row][vc_column][vc_column_text]<\/p>\n<h2 class=\"x-el x-el-h2 c1-1 c1-2 c1-5b c1-50 c1-c4 c1-34 c1-4s c1-4r c1-4t c1-99 c1-b c1-c5 c1-8s c1-7d c1-8v c1-9f c1-94 c1-92 c1-8x c1-8y c1-8z\" style=\"text-align: center;\" role=\"heading\" aria-level=\"2\" data-ux=\"SectionHeading\" data-typography=\"HeadingDelta\" data-font-scaled=\"true\"><span class=\"x-el x-el-span c1-c6 c1-44 c1-c7 c1-c8 c1-c9\" data-ux=\"Element\">Con\u00e9ctate con nosotros<\/span><\/h2>\n<p>[\/vc_column_text][vc_empty_space][\/vc_column][\/vc_row][vc_row css=&#8221;.vc_custom_1660877602244{margin-right: 190px !important;margin-left: 190px !important;}&#8221;][vc_column width=&#8221;1\/4&#8243;][vc_single_image image=&#8221;941&#8243; img_size=&#8221;60&#215;51&#8243; alignment=&#8221;center&#8221; onclick=&#8221;custom_link&#8221; img_link_target=&#8221;_blank&#8221; link=&#8221;https:\/\/www.facebook.com\/ACREC-108036733878846\/&#8221;][\/vc_column][vc_column width=&#8221;1\/4&#8243;][vc_single_image image=&#8221;940&#8243; img_size=&#8221;60&#215;51&#8243; alignment=&#8221;center&#8221; onclick=&#8221;custom_link&#8221; img_link_target=&#8221;_blank&#8221; link=&#8221;https:\/\/www.instagram.com\/acrec_iap\/&#8221;][\/vc_column][vc_column width=&#8221;1\/4&#8243;][vc_single_image image=&#8221;939&#8243; img_size=&#8221;60&#215;51&#8243; alignment=&#8221;center&#8221; onclick=&#8221;custom_link&#8221; link=&#8221;https:\/\/www.twitter.com\/ACRECIAP&#8221;][\/vc_column][vc_column width=&#8221;1\/4&#8243;][vc_single_image image=&#8221;938&#8243; img_size=&#8221;60&#215;51&#8243; alignment=&#8221;center&#8221; onclick=&#8221;custom_link&#8221; img_link_target=&#8221;_blank&#8221; link=&#8221;https:\/\/www.youtube.com\/channel\/UCKbg7NSagjok_86j0GKNPCA&#8221;][\/vc_column][\/vc_row][vc_row][vc_column][vc_empty_space height=&#8221;64 px&#8221;][\/vc_column][\/vc_row]<\/p>\n<\/section>","protected":false},"excerpt":{"rendered":"<p class=\"card-text\">[vc_row][vc_column][vc_empty_space height=&#8221;64 px&#8221;][vc_column_text] BIENVENIDO A ACREC I.A.P. [\/vc_column_text][vc_empty_space][vc_column_text] Nuestra metodolog\u00eda se sustenta en la experiencia y el buen resultado de m\u00e1s de 37 a\u00f1os de trabajo en el \u00e1rea de rehabilitaci\u00f3n y m\u00e1s de 22 en el \u00e1rea oftalmol\u00f3gica; plantea acciones de prevenci\u00f3n y atenci\u00f3n de errores de refracci\u00f3n, enfermedades visuales cr\u00f3nicas y pasajeras que [&#8230;]<\/p>\n<p class=\"m-0\"><a class=\"btn btn-outline-secondary btn-read-more\" href=\"https:\/\/acreciap.org\/\">Read More<\/a><\/p>\n","protected":false},"author":1,"featured_media":0,"parent":0,"menu_order":0,"comment_status":"closed","ping_status":"closed","template":"","meta":{"footnotes":""},"class_list":["post-457","page","type-page","status-publish","hentry"],"yoast_head":"<!-- This site is optimized with the Yoast SEO plugin v22.2 - https:\/\/yoast.com\/wordpress\/plugins\/seo\/ -->\n<title>ACREC I. A. P.<\/title>\n<meta name=\"robots\" content=\"index, follow, max-snippet:-1, max-image-preview:large, max-video-preview:-1\" \/>\n<link rel=\"canonical\" href=\"https:\/\/acreciap.org\/\" \/>\n<meta property=\"og:locale\" content=\"es_ES\" \/>\n<meta property=\"og:type\" content=\"article\" \/>\n<meta property=\"og:title\" content=\"ACREC I. A. P.\" \/>\n<meta property=\"og:description\" content=\"[vc_row][vc_column][vc_empty_space height=&#8221;64 px&#8221;][vc_column_text] BIENVENIDO A ACREC I.A.P. [\/vc_column_text][vc_empty_space][vc_column_text] Nuestra metodolog\u00eda se sustenta en la experiencia y el buen resultado de m\u00e1s de 37 a\u00f1os de trabajo en el \u00e1rea de rehabilitaci\u00f3n y m\u00e1s de 22 en el \u00e1rea oftalmol\u00f3gica; plantea acciones de prevenci\u00f3n y atenci\u00f3n de errores de refracci\u00f3n, enfermedades visuales cr\u00f3nicas y pasajeras que [...]Read More\" \/>\n<meta property=\"og:url\" content=\"https:\/\/acreciap.org\/\" \/>\n<meta property=\"og:site_name\" content=\"Top Of The World\" \/>\n<meta property=\"article:modified_time\" content=\"2022-08-19T15:52:58+00:00\" \/>\n<meta name=\"twitter:card\" content=\"summary_large_image\" \/>\n<meta name=\"twitter:label1\" content=\"Tiempo de lectura\" \/>\n\t<meta name=\"twitter:data1\" content=\"1 minuto\" \/>\n<script type=\"application\/ld+json\" class=\"yoast-schema-graph\">{\"@context\":\"https:\/\/schema.org\",\"@graph\":[{\"@type\":\"WebPage\",\"@id\":\"https:\/\/acreciap.org\/\",\"url\":\"https:\/\/acreciap.org\/\",\"name\":\"ACREC I. A. P.\",\"isPartOf\":{\"@id\":\"https:\/\/acreciap.org\/#website\"},\"datePublished\":\"2018-03-13T18:48:45+00:00\",\"dateModified\":\"2022-08-19T15:52:58+00:00\",\"breadcrumb\":{\"@id\":\"https:\/\/acreciap.org\/#breadcrumb\"},\"inLanguage\":\"es\",\"potentialAction\":[{\"@type\":\"ReadAction\",\"target\":[\"https:\/\/acreciap.org\/\"]}]},{\"@type\":\"BreadcrumbList\",\"@id\":\"https:\/\/acreciap.org\/#breadcrumb\",\"itemListElement\":[{\"@type\":\"ListItem\",\"position\":1,\"name\":\"Portada\",\"item\":\"https:\/\/acreciap.org\/\"},{\"@type\":\"ListItem\",\"position\":2,\"name\":\"Home\"}]},{\"@type\":\"WebSite\",\"@id\":\"https:\/\/acreciap.org\/#website\",\"url\":\"https:\/\/acreciap.org\/\",\"name\":\"Top Of The World\",\"description\":\"Just another WordPress site\",\"potentialAction\":[{\"@type\":\"SearchAction\",\"target\":{\"@type\":\"EntryPoint\",\"urlTemplate\":\"https:\/\/acreciap.org\/?s={search_term_string}\"},\"query-input\":\"required name=search_term_string\"}],\"inLanguage\":\"es\"}]}<\/script>\n<!-- \/ Yoast SEO plugin. -->","yoast_head_json":{"title":"ACREC I. A. P.","robots":{"index":"index","follow":"follow","max-snippet":"max-snippet:-1","max-image-preview":"max-image-preview:large","max-video-preview":"max-video-preview:-1"},"canonical":"https:\/\/acreciap.org\/","og_locale":"es_ES","og_type":"article","og_title":"ACREC I. A. P.","og_description":"[vc_row][vc_column][vc_empty_space height=&#8221;64 px&#8221;][vc_column_text] BIENVENIDO A ACREC I.A.P. [\/vc_column_text][vc_empty_space][vc_column_text] Nuestra metodolog\u00eda se sustenta en la experiencia y el buen resultado de m\u00e1s de 37 a\u00f1os de trabajo en el \u00e1rea de rehabilitaci\u00f3n y m\u00e1s de 22 en el \u00e1rea oftalmol\u00f3gica; plantea acciones de prevenci\u00f3n y atenci\u00f3n de errores de refracci\u00f3n, enfermedades visuales cr\u00f3nicas y pasajeras que [...]Read More","og_url":"https:\/\/acreciap.org\/","og_site_name":"Top Of The World","article_modified_time":"2022-08-19T15:52:58+00:00","twitter_card":"summary_large_image","twitter_misc":{"Tiempo de lectura":"1 minuto"},"schema":{"@context":"https:\/\/schema.org","@graph":[{"@type":"WebPage","@id":"https:\/\/acreciap.org\/","url":"https:\/\/acreciap.org\/","name":"ACREC I. A. P.","isPartOf":{"@id":"https:\/\/acreciap.org\/#website"},"datePublished":"2018-03-13T18:48:45+00:00","dateModified":"2022-08-19T15:52:58+00:00","breadcrumb":{"@id":"https:\/\/acreciap.org\/#breadcrumb"},"inLanguage":"es","potentialAction":[{"@type":"ReadAction","target":["https:\/\/acreciap.org\/"]}]},{"@type":"BreadcrumbList","@id":"https:\/\/acreciap.org\/#breadcrumb","itemListElement":[{"@type":"ListItem","position":1,"name":"Portada","item":"https:\/\/acreciap.org\/"},{"@type":"ListItem","position":2,"name":"Home"}]},{"@type":"WebSite","@id":"https:\/\/acreciap.org\/#website","url":"https:\/\/acreciap.org\/","name":"Top Of The World","description":"Just another WordPress site","potentialAction":[{"@type":"SearchAction","target":{"@type":"EntryPoint","urlTemplate":"https:\/\/acreciap.org\/?s={search_term_string}"},"query-input":"required name=search_term_string"}],"inLanguage":"es"}]}},"_links":{"self":[{"href":"https:\/\/acreciap.org\/index.php\/wp-json\/wp\/v2\/pages\/457","targetHints":{"allow":["GET"]}}],"collection":[{"href":"https:\/\/acreciap.org\/index.php\/wp-json\/wp\/v2\/pages"}],"about":[{"href":"https:\/\/acreciap.org\/index.php\/wp-json\/wp\/v2\/types\/page"}],"author":[{"embeddable":true,"href":"https:\/\/acreciap.org\/index.php\/wp-json\/wp\/v2\/users\/1"}],"replies":[{"embeddable":true,"href":"https:\/\/acreciap.org\/index.php\/wp-json\/wp\/v2\/comments?post=457"}],"version-history":[{"count":20,"href":"https:\/\/acreciap.org\/index.php\/wp-json\/wp\/v2\/pages\/457\/revisions"}],"predecessor-version":[{"id":951,"href":"https:\/\/acreciap.org\/index.php\/wp-json\/wp\/v2\/pages\/457\/revisions\/951"}],"wp:attachment":[{"href":"https:\/\/acreciap.org\/index.php\/wp-json\/wp\/v2\/media?parent=457"}],"curies":[{"name":"wp","href":"https:\/\/api.w.org\/{rel}","templated":true}]}}